{"id":1191,"date":"2023-11-19T19:18:45","date_gmt":"2023-11-19T18:18:45","guid":{"rendered":"https:\/\/www.archadia.fr\/?page_id=1191"},"modified":"2023-11-19T19:18:45","modified_gmt":"2023-11-19T18:18:45","slug":"archassist-2","status":"publish","type":"page","link":"https:\/\/www.archadia.fr\/index.php\/nos-expertises\/archassist-2\/","title":{"rendered":"Arch&rsquo;assist"},"content":{"rendered":"<div  data-label=\"Introduction\" data-id=\"cta--1\" data-export-id=\"cta-centered-section-grid\" data-category=\"cta\" class=\"cta-centered-section-grid content-section content-section-spacing-medium bg-color1 white-text\" id=\"introduction\" style=\"background-image: none; background-color: rgb(245, 250, 253);\"><div  class=\"gridContainer\"> <div  class=\"row text-center\"><div  class=\"col-xs-12 col-sm-10 col-sm-offset-1 col-md-8 col-md-offset-2\" data-type=\"column\"> <h2  class=\"\"><font  color=\"#1f3f42\"><span  style=\"font-weight: 900;\">Arch\u2019assist <\/span>: un outil simple pour assister l\u2019architecte accompagnateur du projet<\/font><\/h2> <p  class=\"\" style=\"text-align: justify;\"><span  style=\"font-weight: 400; font-family: Muli, arial, helvetica, sans-serif; color: rgb(40, 120, 191);\">Mod\u00e9liser l\u2019architecture de l\u2019entreprise est devenu incontournable pour augmenter l\u2019efficacit\u00e9 de vos syst\u00e8mes d\u2019information. La multiplication des applications,&nbsp;les technologies \u00e9mergentes et les d\u00e9veloppements agiles rendent indispensable d\u2019avoir&nbsp; une repr\u00e9sentation claire de votre syst\u00e8me d\u2019information.<\/span><\/p> <\/div> <\/div><\/div> <\/div><div  data-label=\"Features\" data-id=\"features--3\" data-export-id=\"features-5\" data-category=\"features\" class=\"features-5 content-section-spacing\" id=\"features-2\" style=\"background-color: rgb(255, 255, 255);\"><div  class=\"gridContainer\"> <div  class=\"row text-center\"><div  class=\"section-title-col\" data-type=\"column\"> <h2  class=\"\">Comment Arch\u2019assist vous aide \u00e0 mieux gouverner votre SI tout en garantissant une experience utilisateur simple et efficace<\/h2> <\/div> <\/div> <div  class=\"row text-center\" data-type=\"row\"> <div  class=\"col-xs-12 col-sm-4 col-padding-small col-md-4 \"> <div  class=\"number-container\"> <div  class=\"link-line left bg-color1\"><\/div> <p  class=\"number border-color1 color1\"><span >1<\/span><\/p> <div  class=\"link-line right bg-color1\"><\/div><\/div> <div  data-type=\"column\" class=\"\"><h5  class=\"\"><span  style=\"font-weight: 900;\">Simple<\/span>\r\n<br ><span  style=\"color: rgb(139, 218, 246);\">Charger vos donn\u00e9es en 1 clic<\/span><\/h5> <p  class=\"text-center\">Simple et facile d\u2019utilisation, il suffit de charger vos fichiers (xml, csv, excel) ou d\u2019utiliser notre interface moderne et intuitive pour saisir vos donn\u00e9es.<br >Arch\u2019assist vous permet de param\u00e9trer vos propres ic\u00f4nes et couleurs ou d\u2019adopter les n\u00f4tres.<\/p><\/div> <\/div> <div  class=\"col-xs-12 col-sm-4 col-padding-small col-md-4 \"> <div  class=\"number-container\"> <div  class=\"link-line left bg-color1\"><\/div> <p  class=\"number border-color1 color1\"><span >2<\/span><\/p> <div  class=\"link-line right bg-color1\"><\/div><\/div> <div  data-type=\"column\" class=\"\"><h5  class=\"\">Op\u00e9rationnel<br ><span  style=\"color: rgb(255, 152, 0);\">Vous assist efficacement pendant vos projets<\/span><\/h5> <p  class=\"text-center\">Un outil qui se focalise sur l\u2019essentiel et accompagne votre architecte durant toutes les \u00e9tapes du projet.<br >\r\nArch\u2019assist vous fournit une cartographie op\u00e9rationnelle et dynamique du SI et vous assiste pour analyser l\u2019impact sur vos projets.<\/p><\/div><\/div> <div  class=\"col-xs-12 col-sm-4 col-padding-small col-md-4 \"><div  class=\"number-container\"> <div  class=\"link-line left bg-color1\"><\/div> <p  class=\"number border-color1 color1\"><span >3<\/span><\/p> <div  class=\"link-line right bg-color1\"><\/div><\/div> <div  data-type=\"column\" class=\"\"><h5  class=\"\">Innovant<br ><span  style=\"color: rgb(160, 161, 157);\">Vous propose de nouvelles fonctionnalit\u00e9s<\/span><\/h5> <p  class=\"text-center\">Notre outil, qui vous fournit des fonctionnalit\u00e9s de cartographie n\u00e9cessaires \u00e0 la gouvernance du SI (POS applicatif, diagramme de flux\u2026) s\u2019enrichit r\u00e9guli\u00e8rement pour vous apporter des nouvelles possibilit\u00e9s inspir\u00e9es du besoin de nos clients.<\/p><\/div> <\/div><\/div> <\/div><\/div><div  data-label=\"demo\" data-id=\"contact--1\" data-export-id=\"contact-1\" data-category=\"contact\" class=\"contact-1 content-section content-section-spacing white-text\" data-parallax-depth=\"20\" id=\"demo\" style=\"background-color: rgb(245, 250, 253); background-image: url(&quot;https:\/\/www.archadia.fr\/wp-content\/uploads\/2020\/09\/4880-scaled.jpg&quot;); background-size: cover; background-position: center top;\"><div  class=\"gridContainer\"> <div  class=\"row text-center\"><div  class=\"section-title-col\" data-type=\"column\"> <h2  class=\"\">Enregistrez vous gratuitement pour tester notre outil<\/h2> <\/div> <\/div> <div  class=\"row text-center\"> <div  class=\"col-xs-12 col-sm-8 col-sm-offset-2 contact-form-wrapper inline-info\"> <div  class=\"card large-padding\"> <div  class=\"\" data-content-shortcode=\"mesmerize_contact_form shortcode=&quot;wpforms id=&amp;amp;quot;960&amp;amp;quot;&quot;\" data-editable=\"true\"><div class=\"wpforms-container wpforms-container-full\" id=\"wpforms-960\"><form id=\"wpforms-form-960\" class=\"wpforms-validate wpforms-form\" data-formid=\"960\" method=\"post\" enctype=\"multipart\/form-data\" action=\"\/index.php\/wp-json\/wp\/v2\/pages\/1191\" data-token=\"08e34a7c7736ad2565458b9cb3ea5a0d\"><noscript class=\"wpforms-error-noscript\">Veuillez activer JavaScript dans votre navigateur pour remplir ce formulaire.<\/noscript><div class=\"wpforms-field-container\"><div id=\"wpforms-960-field_4-container\" class=\"wpforms-field wpforms-field-name\" data-field-id=\"4\"><label class=\"wpforms-field-label\" for=\"wpforms-960-field_4\">Nom <span class=\"wpforms-required-label\">*<\/span><\/label><div class=\"wpforms-field-row wpforms-field-medium\"><div class=\"wpforms-field-row-block wpforms-first wpforms-one-half\"><input type=\"text\" id=\"wpforms-960-field_4\" class=\"wpforms-field-name-first wpforms-field-required\" name=\"wpforms[fields][4][first]\" required><label for=\"wpforms-960-field_4\" class=\"wpforms-field-sublabel after \">Pr\u00e9nom<\/label><\/div><div class=\"wpforms-field-row-block wpforms-one-half\"><input type=\"text\" id=\"wpforms-960-field_4-last\" class=\"wpforms-field-name-last wpforms-field-required\" name=\"wpforms[fields][4][last]\" required><label for=\"wpforms-960-field_4-last\" class=\"wpforms-field-sublabel after \">Nom<\/label><\/div><\/div><\/div><div id=\"wpforms-960-field_3-container\" class=\"wpforms-field wpforms-field-text\" data-field-id=\"3\"><label class=\"wpforms-field-label\" for=\"wpforms-960-field_3\">Soci\u00e9t\u00e9 <span class=\"wpforms-required-label\">*<\/span><\/label><input type=\"text\" id=\"wpforms-960-field_3\" class=\"wpforms-field-medium wpforms-field-required\" name=\"wpforms[fields][3]\" required><\/div><div id=\"wpforms-960-field_5-container\" class=\"wpforms-field wpforms-field-email\" data-field-id=\"5\"><label class=\"wpforms-field-label\" for=\"wpforms-960-field_5\">E-mail <span class=\"wpforms-required-label\">*<\/span><\/label><input type=\"email\" id=\"wpforms-960-field_5\" class=\"wpforms-field-medium wpforms-field-required\" name=\"wpforms[fields][5]\" spellcheck=\"false\" required><\/div><div id=\"wpforms-960-field_6-container\" class=\"wpforms-field wpforms-field-textarea\" data-field-id=\"6\"><label class=\"wpforms-field-label\" for=\"wpforms-960-field_6\">Message<\/label><textarea id=\"wpforms-960-field_6\" class=\"wpforms-field-medium\" name=\"wpforms[fields][6]\" ><\/textarea><\/div><\/div><!-- .wpforms-field-container --><div class=\"wpforms-field wpforms-field-hp\"><label for=\"wpforms-960-field-hp\" class=\"wpforms-field-label\">Message<\/label><input type=\"text\" name=\"wpforms[hp]\" id=\"wpforms-960-field-hp\" class=\"wpforms-field-medium\"><\/div><div class=\"wpforms-submit-container\" ><input type=\"hidden\" name=\"wpforms[id]\" value=\"960\"><input type=\"hidden\" name=\"wpforms[author]\" value=\"1\"><button type=\"submit\" name=\"wpforms[submit]\" id=\"wpforms-submit-960\" class=\"wpforms-submit button color1\" data-alt-text=\"Sending...\" data-submit-text=\"Envoyer\" aria-live=\"assertive\" value=\"wpforms-submit\">Envoyer<\/button><\/div><\/form><\/div>  <!-- .wpforms-container --><\/div><\/div> <\/div><\/div> <\/div><\/div>","protected":false},"excerpt":{"rendered":"<p>Arch\u2019assist : un outil simple pour assister l\u2019architecte accompagnateur du projet Mod\u00e9liser l\u2019architecture de l\u2019entreprise est devenu incontournable pour augmenter l\u2019efficacit\u00e9 de vos syst\u00e8mes d\u2019information. La multiplication des applications,&nbsp;les technologies \u00e9mergentes et les d\u00e9veloppements agiles rendent indispensable d\u2019avoir&nbsp; une repr\u00e9sentation claire de votre syst\u00e8me d\u2019information. Comment Arch\u2019assist vous aide \u00e0 mieux gouverner votre SI tout&hellip; <br \/> <a class=\"read-more\" href=\"https:\/\/www.archadia.fr\/index.php\/nos-expertises\/archassist-2\/\">Lire la suite<\/a><\/p>\n","protected":false},"author":1,"featured_media":0,"parent":50,"menu_order":0,"comment_status":"closed","ping_status":"open","template":"pro\/page-templates\/full-width-page.php","meta":{"footnotes":""},"yoast_head":"<!-- This site is optimized with the Yoast SEO plugin v21.5 - https:\/\/yoast.com\/wordpress\/plugins\/seo\/ -->\n<title>Arch&#039;assist - Archadia<\/title>\n<meta name=\"robots\" content=\"index, follow, max-snippet:-1, max-image-preview:large, max-video-preview:-1\" \/>\n<link rel=\"canonical\" href=\"https:\/\/www.archadia.fr\/index.php\/nos-expertises\/archassist-2\/\" \/>\n<meta property=\"og:locale\" content=\"fr_FR\" \/>\n<meta property=\"og:type\" content=\"article\" \/>\n<meta property=\"og:title\" content=\"Arch&#039;assist - Archadia\" \/>\n<meta property=\"og:description\" content=\"Arch\u2019assist : un outil simple pour assister l\u2019architecte accompagnateur du projet Mod\u00e9liser l\u2019architecture de l\u2019entreprise est devenu incontournable pour augmenter l\u2019efficacit\u00e9 de vos syst\u00e8mes d\u2019information. La multiplication des applications,&nbsp;les technologies \u00e9mergentes et les d\u00e9veloppements agiles rendent indispensable d\u2019avoir&nbsp; une repr\u00e9sentation claire de votre syst\u00e8me d\u2019information. Comment Arch\u2019assist vous aide \u00e0 mieux gouverner votre SI tout&hellip; Lire la suite\" \/>\n<meta property=\"og:url\" content=\"https:\/\/www.archadia.fr\/index.php\/nos-expertises\/archassist-2\/\" \/>\n<meta property=\"og:site_name\" content=\"Archadia\" \/>\n<meta name=\"twitter:card\" content=\"summary_large_image\" \/>\n<meta name=\"twitter:label1\" content=\"Dur\u00e9e de lecture estim\u00e9e\" \/>\n\t<meta name=\"twitter:data1\" content=\"2 minutes\" \/>\n<script type=\"application\/ld+json\" class=\"yoast-schema-graph\">{\"@context\":\"https:\/\/schema.org\",\"@graph\":[{\"@type\":\"WebPage\",\"@id\":\"https:\/\/www.archadia.fr\/index.php\/nos-expertises\/archassist-2\/\",\"url\":\"https:\/\/www.archadia.fr\/index.php\/nos-expertises\/archassist-2\/\",\"name\":\"Arch'assist - Archadia\",\"isPartOf\":{\"@id\":\"https:\/\/www.archadia.fr\/#website\"},\"datePublished\":\"2023-11-19T18:18:45+00:00\",\"dateModified\":\"2023-11-19T18:18:45+00:00\",\"breadcrumb\":{\"@id\":\"https:\/\/www.archadia.fr\/index.php\/nos-expertises\/archassist-2\/#breadcrumb\"},\"inLanguage\":\"fr-FR\",\"potentialAction\":[{\"@type\":\"ReadAction\",\"target\":[\"https:\/\/www.archadia.fr\/index.php\/nos-expertises\/archassist-2\/\"]}]},{\"@type\":\"BreadcrumbList\",\"@id\":\"https:\/\/www.archadia.fr\/index.php\/nos-expertises\/archassist-2\/#breadcrumb\",\"itemListElement\":[{\"@type\":\"ListItem\",\"position\":1,\"name\":\"Accueil\",\"item\":\"https:\/\/www.archadia.fr\/\"},{\"@type\":\"ListItem\",\"position\":2,\"name\":\"Nos Expertises\",\"item\":\"https:\/\/www.archadia.fr\/index.php\/nos-expertises\/\"},{\"@type\":\"ListItem\",\"position\":3,\"name\":\"Arch&rsquo;assist\"}]},{\"@type\":\"WebSite\",\"@id\":\"https:\/\/www.archadia.fr\/#website\",\"url\":\"https:\/\/www.archadia.fr\/\",\"name\":\"Archadia\",\"description\":\"Agile Architecture\",\"publisher\":{\"@id\":\"https:\/\/www.archadia.fr\/#organization\"},\"potentialAction\":[{\"@type\":\"SearchAction\",\"target\":{\"@type\":\"EntryPoint\",\"urlTemplate\":\"https:\/\/www.archadia.fr\/?s={search_term_string}\"},\"query-input\":\"required name=search_term_string\"}],\"inLanguage\":\"fr-FR\"},{\"@type\":\"Organization\",\"@id\":\"https:\/\/www.archadia.fr\/#organization\",\"name\":\"Archadia\",\"url\":\"https:\/\/www.archadia.fr\/\",\"logo\":{\"@type\":\"ImageObject\",\"inLanguage\":\"fr-FR\",\"@id\":\"https:\/\/www.archadia.fr\/#\/schema\/logo\/image\/\",\"url\":\"https:\/\/www.archadia.fr\/wp-content\/uploads\/2020\/08\/cropped-Capture-de\u0301cran-2020-08-31-a\u0300-15.11.57.png\",\"contentUrl\":\"https:\/\/www.archadia.fr\/wp-content\/uploads\/2020\/08\/cropped-Capture-de\u0301cran-2020-08-31-a\u0300-15.11.57.png\",\"width\":454,\"height\":212,\"caption\":\"Archadia\"},\"image\":{\"@id\":\"https:\/\/www.archadia.fr\/#\/schema\/logo\/image\/\"}}]}<\/script>\n<!-- \/ Yoast SEO plugin. -->","yoast_head_json":{"title":"Arch'assist - Archadia","robots":{"index":"index","follow":"follow","max-snippet":"max-snippet:-1","max-image-preview":"max-image-preview:large","max-video-preview":"max-video-preview:-1"},"canonical":"https:\/\/www.archadia.fr\/index.php\/nos-expertises\/archassist-2\/","og_locale":"fr_FR","og_type":"article","og_title":"Arch'assist - Archadia","og_description":"Arch\u2019assist : un outil simple pour assister l\u2019architecte accompagnateur du projet Mod\u00e9liser l\u2019architecture de l\u2019entreprise est devenu incontournable pour augmenter l\u2019efficacit\u00e9 de vos syst\u00e8mes d\u2019information. La multiplication des applications,&nbsp;les technologies \u00e9mergentes et les d\u00e9veloppements agiles rendent indispensable d\u2019avoir&nbsp; une repr\u00e9sentation claire de votre syst\u00e8me d\u2019information. Comment Arch\u2019assist vous aide \u00e0 mieux gouverner votre SI tout&hellip; Lire la suite","og_url":"https:\/\/www.archadia.fr\/index.php\/nos-expertises\/archassist-2\/","og_site_name":"Archadia","twitter_card":"summary_large_image","twitter_misc":{"Dur\u00e9e de lecture estim\u00e9e":"2 minutes"},"schema":{"@context":"https:\/\/schema.org","@graph":[{"@type":"WebPage","@id":"https:\/\/www.archadia.fr\/index.php\/nos-expertises\/archassist-2\/","url":"https:\/\/www.archadia.fr\/index.php\/nos-expertises\/archassist-2\/","name":"Arch'assist - Archadia","isPartOf":{"@id":"https:\/\/www.archadia.fr\/#website"},"datePublished":"2023-11-19T18:18:45+00:00","dateModified":"2023-11-19T18:18:45+00:00","breadcrumb":{"@id":"https:\/\/www.archadia.fr\/index.php\/nos-expertises\/archassist-2\/#breadcrumb"},"inLanguage":"fr-FR","potentialAction":[{"@type":"ReadAction","target":["https:\/\/www.archadia.fr\/index.php\/nos-expertises\/archassist-2\/"]}]},{"@type":"BreadcrumbList","@id":"https:\/\/www.archadia.fr\/index.php\/nos-expertises\/archassist-2\/#breadcrumb","itemListElement":[{"@type":"ListItem","position":1,"name":"Accueil","item":"https:\/\/www.archadia.fr\/"},{"@type":"ListItem","position":2,"name":"Nos Expertises","item":"https:\/\/www.archadia.fr\/index.php\/nos-expertises\/"},{"@type":"ListItem","position":3,"name":"Arch&rsquo;assist"}]},{"@type":"WebSite","@id":"https:\/\/www.archadia.fr\/#website","url":"https:\/\/www.archadia.fr\/","name":"Archadia","description":"Agile Architecture","publisher":{"@id":"https:\/\/www.archadia.fr\/#organization"},"potentialAction":[{"@type":"SearchAction","target":{"@type":"EntryPoint","urlTemplate":"https:\/\/www.archadia.fr\/?s={search_term_string}"},"query-input":"required name=search_term_string"}],"inLanguage":"fr-FR"},{"@type":"Organization","@id":"https:\/\/www.archadia.fr\/#organization","name":"Archadia","url":"https:\/\/www.archadia.fr\/","logo":{"@type":"ImageObject","inLanguage":"fr-FR","@id":"https:\/\/www.archadia.fr\/#\/schema\/logo\/image\/","url":"https:\/\/www.archadia.fr\/wp-content\/uploads\/2020\/08\/cropped-Capture-de\u0301cran-2020-08-31-a\u0300-15.11.57.png","contentUrl":"https:\/\/www.archadia.fr\/wp-content\/uploads\/2020\/08\/cropped-Capture-de\u0301cran-2020-08-31-a\u0300-15.11.57.png","width":454,"height":212,"caption":"Archadia"},"image":{"@id":"https:\/\/www.archadia.fr\/#\/schema\/logo\/image\/"}}]}},"_links":{"self":[{"href":"https:\/\/www.archadia.fr\/index.php\/wp-json\/wp\/v2\/pages\/1191"}],"collection":[{"href":"https:\/\/www.archadia.fr\/index.php\/wp-json\/wp\/v2\/pages"}],"about":[{"href":"https:\/\/www.archadia.fr\/index.php\/wp-json\/wp\/v2\/types\/page"}],"author":[{"embeddable":true,"href":"https:\/\/www.archadia.fr\/index.php\/wp-json\/wp\/v2\/users\/1"}],"replies":[{"embeddable":true,"href":"https:\/\/www.archadia.fr\/index.php\/wp-json\/wp\/v2\/comments?post=1191"}],"version-history":[{"count":2,"href":"https:\/\/www.archadia.fr\/index.php\/wp-json\/wp\/v2\/pages\/1191\/revisions"}],"predecessor-version":[{"id":1194,"href":"https:\/\/www.archadia.fr\/index.php\/wp-json\/wp\/v2\/pages\/1191\/revisions\/1194"}],"up":[{"embeddable":true,"href":"https:\/\/www.archadia.fr\/index.php\/wp-json\/wp\/v2\/pages\/50"}],"wp:attachment":[{"href":"https:\/\/www.archadia.fr\/index.php\/wp-json\/wp\/v2\/media?parent=1191"}],"curies":[{"name":"wp","href":"https:\/\/api.w.org\/{rel}","templated":true}]}}